{"id":670,"date":"2016-02-16T16:00:35","date_gmt":"2016-02-16T15:00:35","guid":{"rendered":"http:\/\/www.saarhafen.de\/en\/links\/"},"modified":"2016-07-29T15:48:11","modified_gmt":"2016-07-29T13:48:11","slug":"links","status":"publish","type":"page","link":"http:\/\/www.saarhafen.de\/en\/links\/","title":{"rendered":"Links"},"content":{"rendered":"<h1>Beh\u00f6rden und Verb\u00e4nde<\/h1>\n<ul>\n<li><a href=\"http:\/\/www.binnenhafen.de\/home\/\" target=\"_blank\">Bundesverband \u00f6ffentlicher Binnenh\u00e4fen e. V.<\/a><\/li>\n<li><a href=\"http:\/\/binnenschiff.de\/content\/\" target=\"_blank\">Bundesverband der Deutschen Binnenschiffahrt e.V. (BDB)<\/a><\/li>\n<li><a href=\"https:\/\/www.strukturholding.de\/unternehmen\/gwsaar\/\" target=\"_blank\">Gesellschaft f\u00fcr Wirtschaftsf\u00f6rderung Saar mbH<\/a><\/li>\n<li><a href=\"http:\/\/www.wsa-saarbruecken.de\/\" target=\"_blank\">Wasser- und Schifffahrtsamt Saarb\u00fccken<\/a><\/li>\n<li><a href=\"http:\/\/www.saarland.de\/polizei.htm\" target=\"_blank\">Wasserschutzpolizei<\/a><\/li>\n<\/ul>\n","protected":false},"excerpt":{"rendered":"<p>Beh\u00f6rden und Verb\u00e4nde Bundesverband \u00f6ffentlicher Binnenh\u00e4fen e. V. Bundesverband der Deutschen Binnenschiffahrt e.V. (BDB) Gesellschaft<\/p>\n","protected":false},"author":2,"featured_media":0,"parent":0,"menu_order":0,"comment_status":"closed","ping_status":"closed","template":"","meta":{"_acf_changed":false,"footnotes":""},"class_list":["post-670","page","type-page","status-publish","hentry"],"acf":[],"yoast_head":"<!-- This site is optimized with the Yoast SEO plugin v27.4 - https:\/\/yoast.com\/product\/yoast-seo-wordpress\/ -->\n<title>Links - Hafenbetriebe Saar<\/title>\n<meta name=\"robots\" content=\"index, follow, max-snippet:-1, max-image-preview:large, max-video-preview:-1\" \/>\n<link rel=\"canonical\" href=\"https:\/\/www.saarhafen.de\/en\/links\/\" \/>\n<meta property=\"og:locale\" content=\"en_US\" \/>\n<meta property=\"og:type\" content=\"article\" \/>\n<meta property=\"og:title\" content=\"Links - Hafenbetriebe Saar\" \/>\n<meta property=\"og:description\" content=\"Beh\u00f6rden und Verb\u00e4nde Bundesverband \u00f6ffentlicher Binnenh\u00e4fen e. V. Bundesverband der Deutschen Binnenschiffahrt e.V. (BDB) Gesellschaft\" \/>\n<meta property=\"og:url\" content=\"https:\/\/www.saarhafen.de\/en\/links\/\" \/>\n<meta property=\"og:site_name\" content=\"Hafenbetriebe Saar\" \/>\n<meta property=\"article:modified_time\" content=\"2016-07-29T13:48:11+00:00\" \/>\n<meta name=\"twitter:card\" content=\"summary_large_image\" \/>\n<script type=\"application\/ld+json\" class=\"yoast-schema-graph\">{\"@context\":\"https:\\\/\\\/schema.org\",\"@graph\":[{\"@type\":\"WebPage\",\"@id\":\"https:\\\/\\\/www.saarhafen.de\\\/en\\\/links\\\/\",\"url\":\"https:\\\/\\\/www.saarhafen.de\\\/en\\\/links\\\/\",\"name\":\"Links - Hafenbetriebe Saar\",\"isPartOf\":{\"@id\":\"https:\\\/\\\/www.saarhafen.de\\\/fr\\\/#website\"},\"datePublished\":\"2016-02-16T15:00:35+00:00\",\"dateModified\":\"2016-07-29T13:48:11+00:00\",\"breadcrumb\":{\"@id\":\"https:\\\/\\\/www.saarhafen.de\\\/en\\\/links\\\/#breadcrumb\"},\"inLanguage\":\"en-US\",\"potentialAction\":[{\"@type\":\"ReadAction\",\"target\":[\"https:\\\/\\\/www.saarhafen.de\\\/en\\\/links\\\/\"]}]},{\"@type\":\"BreadcrumbList\",\"@id\":\"https:\\\/\\\/www.saarhafen.de\\\/en\\\/links\\\/#breadcrumb\",\"itemListElement\":[{\"@type\":\"ListItem\",\"position\":1,\"name\":\"Home\",\"item\":\"https:\\\/\\\/www.saarhafen.de\\\/en\\\/\"},{\"@type\":\"ListItem\",\"position\":2,\"name\":\"Links\"}]},{\"@type\":\"WebSite\",\"@id\":\"https:\\\/\\\/www.saarhafen.de\\\/fr\\\/#website\",\"url\":\"https:\\\/\\\/www.saarhafen.de\\\/fr\\\/\",\"name\":\"Hafenbetriebe Saar\",\"description\":\"Eine weitere SHS | Strukturholding Saar Seiten Seite\",\"potentialAction\":[{\"@type\":\"SearchAction\",\"target\":{\"@type\":\"EntryPoint\",\"urlTemplate\":\"https:\\\/\\\/www.saarhafen.de\\\/fr\\\/?s={search_term_string}\"},\"query-input\":{\"@type\":\"PropertyValueSpecification\",\"valueRequired\":true,\"valueName\":\"search_term_string\"}}],\"inLanguage\":\"en-US\"}]}<\/script>\n<!-- \/ Yoast SEO plugin. -->","yoast_head_json":{"title":"Links - Hafenbetriebe Saar","robots":{"index":"index","follow":"follow","max-snippet":"max-snippet:-1","max-image-preview":"max-image-preview:large","max-video-preview":"max-video-preview:-1"},"canonical":"https:\/\/www.saarhafen.de\/en\/links\/","og_locale":"en_US","og_type":"article","og_title":"Links - Hafenbetriebe Saar","og_description":"Beh\u00f6rden und Verb\u00e4nde Bundesverband \u00f6ffentlicher Binnenh\u00e4fen e. V. Bundesverband der Deutschen Binnenschiffahrt e.V. (BDB) Gesellschaft","og_url":"https:\/\/www.saarhafen.de\/en\/links\/","og_site_name":"Hafenbetriebe Saar","article_modified_time":"2016-07-29T13:48:11+00:00","twitter_card":"summary_large_image","schema":{"@context":"https:\/\/schema.org","@graph":[{"@type":"WebPage","@id":"https:\/\/www.saarhafen.de\/en\/links\/","url":"https:\/\/www.saarhafen.de\/en\/links\/","name":"Links - Hafenbetriebe Saar","isPartOf":{"@id":"https:\/\/www.saarhafen.de\/fr\/#website"},"datePublished":"2016-02-16T15:00:35+00:00","dateModified":"2016-07-29T13:48:11+00:00","breadcrumb":{"@id":"https:\/\/www.saarhafen.de\/en\/links\/#breadcrumb"},"inLanguage":"en-US","potentialAction":[{"@type":"ReadAction","target":["https:\/\/www.saarhafen.de\/en\/links\/"]}]},{"@type":"BreadcrumbList","@id":"https:\/\/www.saarhafen.de\/en\/links\/#breadcrumb","itemListElement":[{"@type":"ListItem","position":1,"name":"Home","item":"https:\/\/www.saarhafen.de\/en\/"},{"@type":"ListItem","position":2,"name":"Links"}]},{"@type":"WebSite","@id":"https:\/\/www.saarhafen.de\/fr\/#website","url":"https:\/\/www.saarhafen.de\/fr\/","name":"Hafenbetriebe Saar","description":"Eine weitere SHS | Strukturholding Saar Seiten Seite","potentialAction":[{"@type":"SearchAction","target":{"@type":"EntryPoint","urlTemplate":"https:\/\/www.saarhafen.de\/fr\/?s={search_term_string}"},"query-input":{"@type":"PropertyValueSpecification","valueRequired":true,"valueName":"search_term_string"}}],"inLanguage":"en-US"}]}},"_links":{"self":[{"href":"http:\/\/www.saarhafen.de\/en\/wp-json\/wp\/v2\/pages\/670","targetHints":{"allow":["GET"]}}],"collection":[{"href":"http:\/\/www.saarhafen.de\/en\/wp-json\/wp\/v2\/pages"}],"about":[{"href":"http:\/\/www.saarhafen.de\/en\/wp-json\/wp\/v2\/types\/page"}],"author":[{"embeddable":true,"href":"http:\/\/www.saarhafen.de\/en\/wp-json\/wp\/v2\/users\/2"}],"replies":[{"embeddable":true,"href":"http:\/\/www.saarhafen.de\/en\/wp-json\/wp\/v2\/comments?post=670"}],"version-history":[{"count":1,"href":"http:\/\/www.saarhafen.de\/en\/wp-json\/wp\/v2\/pages\/670\/revisions"}],"predecessor-version":[{"id":671,"href":"http:\/\/www.saarhafen.de\/en\/wp-json\/wp\/v2\/pages\/670\/revisions\/671"}],"wp:attachment":[{"href":"http:\/\/www.saarhafen.de\/en\/wp-json\/wp\/v2\/media?parent=670"}],"curies":[{"name":"wp","href":"https:\/\/api.w.org\/{rel}","templated":true}]}}