{"id":683,"date":"2015-11-19T17:15:32","date_gmt":"2015-11-19T16:15:32","guid":{"rendered":"http:\/\/www.saarhafen.de\/fr\/haefen\/saarlouis-dillingen\/"},"modified":"2023-10-25T14:34:31","modified_gmt":"2023-10-25T12:34:31","slug":"saarlouis-dillingen","status":"publish","type":"page","link":"http:\/\/www.saarhafen.de\/fr\/les-ports\/saarlouis-dillingen\/","title":{"rendered":"Saarlouis \/ Dillingen"},"content":{"rendered":"<h1>Saarlouis &amp; Dillingen<\/h1>\n<p>Le port de Saarlouis\/Dillingen est le port sarrois le plus important. Il est exceptionnellement bien reli\u00e9 aux voies fluviales, ferr\u00e9es et routi\u00e8res. L&rsquo;ensemble des villes de la Sarre et de la r\u00e9gion Saar-Lor-Lux sont rapidement accessibles via les autoroutes A8 et A620 \u00e0 proximit\u00e9. Des routes nationales bien am\u00e9nag\u00e9es m\u00e8nent directement sur le territoire fran\u00e7ais voisin. La gare de Dillingen se situe sur la ligne de chemin de fer Sarrebruck-Tr\u00e8ves..<\/p>\n<p>La voie fluviale de la Sarre permet la desserte rapide de nombreux ports europ\u00e9ens. De bonnes installations de chargement et d\u00e9chargement et de larges surfaces de travail offrent des conditions id\u00e9ales pour transborder rapidement et s\u00fbrement les flux de marchandises.<\/p>\n<hr \/>\n<h2>Quai pour charges lourdes : tarifs et informations<\/h2>\n<p>Toutes les informations sur les tarifs (taxe de quai, redevance d&rsquo;utilisation, etc.) et les valeurs maximales de charge sont disponibles au contact suivant :<\/p>\n<p><strong>Theo Steil GmbH<\/strong><br \/>\nCommerce de gros de ferraille et de m\u00e9taux<br \/>\nSuccursale de Sarrelouis<br \/>\nQuai du Sud 7<br \/>\n66740 Sarrelouis<br \/>\nT\u00e9l : +49 (0) 6831 \/ 91 93 0<br \/>\nEmail : saarlouis@steil.de<\/p>\n<hr \/>\n<h2>Entreprises au port<\/h2>\n<h3>Transbordement:<\/h3>\n<p><strong><br \/>\nDHUG Dillinger Hafenumschlagsgesellschaft mbH<\/strong><br \/>\nTransbordement toutes marchandises<br \/>\nS\u00fcdkai 3, 66740 Saarlouis<br \/>\nTel: +49 (0) 6831 \/ 860 61<br \/>\nFax: +49 (0) 6831 \/ 860 65<br \/>\nE-Mail: <a href=\"mailto:info@dhug-saarhafen.de\">info@dhug-saarhafen.de<\/a><br \/>\nInternet: <a href=\"http:\/\/www.dhug-saarhafen.de\" target=\"_blank\" rel=\"noopener noreferrer\">www.dhug-saarhafen.de<\/a><\/p>\n<p><strong>AG der Dillinger H\u00fcttenwerke<\/strong><br \/>\nInstallations de transbordement propres<br \/>\nPostfach 1580, 66748 Dillingen<br \/>\nTel: +49 (0) 6831 \/ 473 091<br \/>\nFax: +49 (0) 6831 \/ 473 100<br \/>\nE-Mail: <a href=\"mailto:info@dillinger.biz\">info@dillinger.biz<\/a><br \/>\nInternet: <a href=\"http:\/\/www.dillinger.de\" target=\"_blank\" rel=\"noopener noreferrer\">www.dillinger.de<\/a><\/p>\n<p><strong>Flug-Hafen-Saarland GmbH<\/strong><br \/>\nAdministration portuaire, quai heavy lift, installation rouliers<br \/>\nS\u00fcdkai 4, 66740 Saarlouis<br \/>\nTel: +49 (0) 6893 \/ 9899 600<br \/>\nFax: +49 (0) 6893 \/ 9899 772<br \/>\nE-Mail: <a href=\"mailto:info@saarhafen.de\">info@saarhafen.de<\/a><br \/>\nInternet: <a href=\"http:\/\/www.saarhafen.de\" target=\"_blank\" rel=\"noopener noreferrer\">www.saarhafen.de<\/a><\/p>\n<p>&nbsp;<\/p>\n<h3>Autres entreprises au port:<\/h3>\n<p><strong><br \/>\nSHS Logistics GmbH<br \/>\n<\/strong>Transports<br \/>\nWerkstr. 1<br \/>\n66763 Dillingen<br \/>\nTel.: +49 (0) 6831 \/ 472 709<br \/>\nE-Mail: <a href=\"mailto:info@shs-logistics.de\">info@shs-logistics.de<\/a><br \/>\nInternet: <a href=\"http:\/\/www.shs-logistics.de\" target=\"_blank\" rel=\"noopener noreferrer\">www.shs-logistics.de<\/a><\/p>\n<p><strong>BS-Baustoffe GmbH<\/strong><br \/>\nMat\u00e9riaux de construction<br \/>\nS\u00fcdkai 6, 66740 Saarlouis<br \/>\nTel: +49 (0) 6831 \/ 48 81 5 0<br \/>\nFax: +49 (0) 6831 \/ 48 81 5 25<br \/>\nE-Mail: <a href=\"mailto:raul.schommer@bs-baustoffe.de\">raul.schommer@bs-baustoffe.de<\/a><\/p>\n<p><strong>Theo Steil GmbH<\/strong><br \/>\nRecyclage et \u00e9limination des d\u00e9chets<br \/>\nS\u00fcdkai 7, 66740 Saarlouis<br \/>\nTel: +49 (0) 6831 \/ 91 93 0<br \/>\nFax: +49 (0) 6831 \/ 91 93 20<br \/>\nE-Mail: <a href=\"mailto:info@steil.de\">info@steil.de<\/a><br \/>\nInternet: <a href=\"http:\/\/www.steil.de\" target=\"_blank\" rel=\"noopener noreferrer\">www.steil.de<\/a><\/p>\n<p><strong>Meguin GmbH &amp; Co. KG &#8211; Mineraloelwerke<\/strong><br \/>\nFabricant de produits p\u00e9troliers<br \/>\nRodener Str. 25<br \/>\nD-66740 Saarlouis<br \/>\nTelefon: +49 (0) 6831 \/ 8909 0<br \/>\nTelefax: +49 (0) 6831 \/ 8909 59<br \/>\nE-Mail: <a href=\"mailto:info@meguin.de\">info@meguin.de<\/a><br \/>\nInternet: <a href=\"http:\/\/www.meguin.de\" target=\"_blank\" rel=\"noopener noreferrer\">www.meguin.de<\/a><\/p>\n","protected":false},"excerpt":{"rendered":"<p>Saarlouis &amp; Dillingen Le port de Saarlouis\/Dillingen est le port sarrois le plus important. Il<\/p>\n","protected":false},"author":2,"featured_media":0,"parent":677,"menu_order":0,"comment_status":"closed","ping_status":"closed","template":"","meta":{"_acf_changed":false,"footnotes":""},"class_list":["post-683","page","type-page","status-publish","hentry"],"acf":[],"yoast_head":"<!-- This site is optimized with the Yoast SEO plugin v27.4 - https:\/\/yoast.com\/product\/yoast-seo-wordpress\/ -->\n<title>Saarlouis \/ Dillingen - Hafenbetriebe Saar<\/title>\n<meta name=\"robots\" content=\"index, follow, max-snippet:-1, max-image-preview:large, max-video-preview:-1\" \/>\n<link rel=\"canonical\" href=\"http:\/\/www.saarhafen.de\/fr\/les-ports\/saarlouis-dillingen\/\" \/>\n<meta property=\"og:locale\" content=\"fr_FR\" \/>\n<meta property=\"og:type\" content=\"article\" \/>\n<meta property=\"og:title\" content=\"Saarlouis \/ Dillingen - Hafenbetriebe Saar\" \/>\n<meta property=\"og:description\" content=\"Saarlouis &amp; Dillingen Le port de Saarlouis\/Dillingen est le port sarrois le plus important. Il\" \/>\n<meta property=\"og:url\" content=\"http:\/\/www.saarhafen.de\/fr\/les-ports\/saarlouis-dillingen\/\" \/>\n<meta property=\"og:site_name\" content=\"Hafenbetriebe Saar\" \/>\n<meta property=\"article:modified_time\" content=\"2023-10-25T12:34:31+00:00\" \/>\n<meta name=\"twitter:card\" content=\"summary_large_image\" \/>\n<meta name=\"twitter:label1\" content=\"Dur\u00e9e de lecture estim\u00e9e\" \/>\n\t<meta name=\"twitter:data1\" content=\"3 minutes\" \/>\n<script type=\"application\/ld+json\" class=\"yoast-schema-graph\">{\"@context\":\"https:\\\/\\\/schema.org\",\"@graph\":[{\"@type\":\"WebPage\",\"@id\":\"http:\\\/\\\/www.saarhafen.de\\\/fr\\\/les-ports\\\/saarlouis-dillingen\\\/\",\"url\":\"http:\\\/\\\/www.saarhafen.de\\\/fr\\\/les-ports\\\/saarlouis-dillingen\\\/\",\"name\":\"Saarlouis \\\/ Dillingen - Hafenbetriebe Saar\",\"isPartOf\":{\"@id\":\"https:\\\/\\\/www.saarhafen.de\\\/#website\"},\"datePublished\":\"2015-11-19T16:15:32+00:00\",\"dateModified\":\"2023-10-25T12:34:31+00:00\",\"breadcrumb\":{\"@id\":\"http:\\\/\\\/www.saarhafen.de\\\/fr\\\/les-ports\\\/saarlouis-dillingen\\\/#breadcrumb\"},\"inLanguage\":\"fr-FR\",\"potentialAction\":[{\"@type\":\"ReadAction\",\"target\":[\"http:\\\/\\\/www.saarhafen.de\\\/fr\\\/les-ports\\\/saarlouis-dillingen\\\/\"]}]},{\"@type\":\"BreadcrumbList\",\"@id\":\"http:\\\/\\\/www.saarhafen.de\\\/fr\\\/les-ports\\\/saarlouis-dillingen\\\/#breadcrumb\",\"itemListElement\":[{\"@type\":\"ListItem\",\"position\":1,\"name\":\"Home\",\"item\":\"https:\\\/\\\/www.saarhafen.de\\\/fr\\\/\"},{\"@type\":\"ListItem\",\"position\":2,\"name\":\"Les ports\",\"item\":\"http:\\\/\\\/www.saarhafen.de\\\/fr\\\/les-ports\\\/\"},{\"@type\":\"ListItem\",\"position\":3,\"name\":\"Saarlouis \\\/ Dillingen\"}]},{\"@type\":\"WebSite\",\"@id\":\"https:\\\/\\\/www.saarhafen.de\\\/#website\",\"url\":\"https:\\\/\\\/www.saarhafen.de\\\/\",\"name\":\"Hafenbetriebe Saar\",\"description\":\"Eine weitere SHS | Strukturholding Saar Seiten Seite\",\"potentialAction\":[{\"@type\":\"SearchAction\",\"target\":{\"@type\":\"EntryPoint\",\"urlTemplate\":\"https:\\\/\\\/www.saarhafen.de\\\/?s={search_term_string}\"},\"query-input\":{\"@type\":\"PropertyValueSpecification\",\"valueRequired\":true,\"valueName\":\"search_term_string\"}}],\"inLanguage\":\"fr-FR\"}]}<\/script>\n<!-- \/ Yoast SEO plugin. -->","yoast_head_json":{"title":"Saarlouis \/ Dillingen - Hafenbetriebe Saar","robots":{"index":"index","follow":"follow","max-snippet":"max-snippet:-1","max-image-preview":"max-image-preview:large","max-video-preview":"max-video-preview:-1"},"canonical":"http:\/\/www.saarhafen.de\/fr\/les-ports\/saarlouis-dillingen\/","og_locale":"fr_FR","og_type":"article","og_title":"Saarlouis \/ Dillingen - Hafenbetriebe Saar","og_description":"Saarlouis &amp; Dillingen Le port de Saarlouis\/Dillingen est le port sarrois le plus important. Il","og_url":"http:\/\/www.saarhafen.de\/fr\/les-ports\/saarlouis-dillingen\/","og_site_name":"Hafenbetriebe Saar","article_modified_time":"2023-10-25T12:34:31+00:00","twitter_card":"summary_large_image","twitter_misc":{"Dur\u00e9e de lecture estim\u00e9e":"3 minutes"},"schema":{"@context":"https:\/\/schema.org","@graph":[{"@type":"WebPage","@id":"http:\/\/www.saarhafen.de\/fr\/les-ports\/saarlouis-dillingen\/","url":"http:\/\/www.saarhafen.de\/fr\/les-ports\/saarlouis-dillingen\/","name":"Saarlouis \/ Dillingen - Hafenbetriebe Saar","isPartOf":{"@id":"https:\/\/www.saarhafen.de\/#website"},"datePublished":"2015-11-19T16:15:32+00:00","dateModified":"2023-10-25T12:34:31+00:00","breadcrumb":{"@id":"http:\/\/www.saarhafen.de\/fr\/les-ports\/saarlouis-dillingen\/#breadcrumb"},"inLanguage":"fr-FR","potentialAction":[{"@type":"ReadAction","target":["http:\/\/www.saarhafen.de\/fr\/les-ports\/saarlouis-dillingen\/"]}]},{"@type":"BreadcrumbList","@id":"http:\/\/www.saarhafen.de\/fr\/les-ports\/saarlouis-dillingen\/#breadcrumb","itemListElement":[{"@type":"ListItem","position":1,"name":"Home","item":"https:\/\/www.saarhafen.de\/fr\/"},{"@type":"ListItem","position":2,"name":"Les ports","item":"http:\/\/www.saarhafen.de\/fr\/les-ports\/"},{"@type":"ListItem","position":3,"name":"Saarlouis \/ Dillingen"}]},{"@type":"WebSite","@id":"https:\/\/www.saarhafen.de\/#website","url":"https:\/\/www.saarhafen.de\/","name":"Hafenbetriebe Saar","description":"Eine weitere SHS | Strukturholding Saar Seiten Seite","potentialAction":[{"@type":"SearchAction","target":{"@type":"EntryPoint","urlTemplate":"https:\/\/www.saarhafen.de\/?s={search_term_string}"},"query-input":{"@type":"PropertyValueSpecification","valueRequired":true,"valueName":"search_term_string"}}],"inLanguage":"fr-FR"}]}},"_links":{"self":[{"href":"http:\/\/www.saarhafen.de\/fr\/wp-json\/wp\/v2\/pages\/683","targetHints":{"allow":["GET"]}}],"collection":[{"href":"http:\/\/www.saarhafen.de\/fr\/wp-json\/wp\/v2\/pages"}],"about":[{"href":"http:\/\/www.saarhafen.de\/fr\/wp-json\/wp\/v2\/types\/page"}],"author":[{"embeddable":true,"href":"http:\/\/www.saarhafen.de\/fr\/wp-json\/wp\/v2\/users\/2"}],"replies":[{"embeddable":true,"href":"http:\/\/www.saarhafen.de\/fr\/wp-json\/wp\/v2\/comments?post=683"}],"version-history":[{"count":9,"href":"http:\/\/www.saarhafen.de\/fr\/wp-json\/wp\/v2\/pages\/683\/revisions"}],"predecessor-version":[{"id":2354,"href":"http:\/\/www.saarhafen.de\/fr\/wp-json\/wp\/v2\/pages\/683\/revisions\/2354"}],"up":[{"embeddable":true,"href":"http:\/\/www.saarhafen.de\/fr\/wp-json\/wp\/v2\/pages\/677"}],"wp:attachment":[{"href":"http:\/\/www.saarhafen.de\/fr\/wp-json\/wp\/v2\/media?parent=683"}],"curies":[{"name":"wp","href":"https:\/\/api.w.org\/{rel}","templated":true}]}}