{"id":695,"date":"2015-11-19T17:14:36","date_gmt":"2015-11-19T16:14:36","guid":{"rendered":"http:\/\/www.saarhafen.de\/fr\/wir-ueber-uns\/"},"modified":"2018-07-11T14:19:15","modified_gmt":"2018-07-11T12:19:15","slug":"a-propos","status":"publish","type":"page","link":"http:\/\/www.saarhafen.de\/fr\/entreprise\/a-propos\/","title":{"rendered":"A propos"},"content":{"rendered":"<h1 class=\"p1\">A propos<\/h1>\n<p class=\"p1\">Les op\u00e9rations portuaires de la Sarre mettent \u00e0 disposition l&rsquo;ensemble des infrastructures n\u00e9cessaires au transbordement de marchandises avec bassins, quais, surfaces industrielles et stations d&rsquo;avitaillement au sein le port de Saarlouis\/Dillingen. Elles garantissent la liaison aux voies fluviales, ferr\u00e9es et routi\u00e8res et permettent ainsi la desserte des sites \u00e9conomiques les plus importants le long de la Sarre.<\/p>\n<h2>Investir et profiter<\/h2>\n<p>Les op\u00e9rations portuaires de la Sarre sont d\u00e9tenues \u00e0 100 % par le Land. Elles exploitent des zones commerciales et industrielles pour les investisseurs priv\u00e9s. Les secteurs de l&rsquo;industrie sid\u00e9rurgique, du recyclage, de la collecte des d\u00e9chets ou encore de la construction de machines-outils et d&rsquo;installations peuvent ainsi profiter des avantages d\u00e9cisifs des sites et renforcer leurs liens commerciaux \u00e0 l&rsquo;international.<\/p>\n<h2>Haute efficacit\u00e9<\/h2>\n<p>Gr\u00e2ce \u00e0 l&rsquo;efficacit\u00e9 des op\u00e9rations portuaires certifi\u00e9es selon la norme DIN ISO 9001, jusqu&rsquo;\u00e0 4 millions de tonnes par an ont \u00e9t\u00e9 transbord\u00e9es ces derni\u00e8res ann\u00e9es.<\/p>\n","protected":false},"excerpt":{"rendered":"<p>A propos Les op\u00e9rations portuaires de la Sarre mettent \u00e0 disposition l&rsquo;ensemble des infrastructures n\u00e9cessaires<\/p>\n","protected":false},"author":2,"featured_media":0,"parent":698,"menu_order":0,"comment_status":"closed","ping_status":"closed","template":"","meta":{"_acf_changed":false,"footnotes":""},"class_list":["post-695","page","type-page","status-publish","hentry"],"acf":[],"yoast_head":"<!-- This site is optimized with the Yoast SEO plugin v27.4 - https:\/\/yoast.com\/product\/yoast-seo-wordpress\/ -->\n<title>A propos - Hafenbetriebe Saar<\/title>\n<meta name=\"robots\" content=\"index, follow, max-snippet:-1, max-image-preview:large, max-video-preview:-1\" \/>\n<link rel=\"canonical\" href=\"https:\/\/www.saarhafen.de\/fr\/entreprise\/a-propos\/\" \/>\n<meta property=\"og:locale\" content=\"fr_FR\" \/>\n<meta property=\"og:type\" content=\"article\" \/>\n<meta property=\"og:title\" content=\"A propos - Hafenbetriebe Saar\" \/>\n<meta property=\"og:description\" content=\"A propos Les op\u00e9rations portuaires de la Sarre mettent \u00e0 disposition l&rsquo;ensemble des infrastructures n\u00e9cessaires\" \/>\n<meta property=\"og:url\" content=\"https:\/\/www.saarhafen.de\/fr\/entreprise\/a-propos\/\" \/>\n<meta property=\"og:site_name\" content=\"Hafenbetriebe Saar\" \/>\n<meta property=\"article:modified_time\" content=\"2018-07-11T12:19:15+00:00\" \/>\n<meta name=\"twitter:card\" content=\"summary_large_image\" \/>\n<meta name=\"twitter:label1\" content=\"Dur\u00e9e de lecture estim\u00e9e\" \/>\n\t<meta name=\"twitter:data1\" content=\"1 minute\" \/>\n<script type=\"application\/ld+json\" class=\"yoast-schema-graph\">{\"@context\":\"https:\\\/\\\/schema.org\",\"@graph\":[{\"@type\":\"WebPage\",\"@id\":\"https:\\\/\\\/www.saarhafen.de\\\/fr\\\/entreprise\\\/a-propos\\\/\",\"url\":\"https:\\\/\\\/www.saarhafen.de\\\/fr\\\/entreprise\\\/a-propos\\\/\",\"name\":\"A propos - Hafenbetriebe Saar\",\"isPartOf\":{\"@id\":\"http:\\\/\\\/www.saarhafen.de\\\/#website\"},\"datePublished\":\"2015-11-19T16:14:36+00:00\",\"dateModified\":\"2018-07-11T12:19:15+00:00\",\"breadcrumb\":{\"@id\":\"https:\\\/\\\/www.saarhafen.de\\\/fr\\\/entreprise\\\/a-propos\\\/#breadcrumb\"},\"inLanguage\":\"fr-FR\",\"potentialAction\":[{\"@type\":\"ReadAction\",\"target\":[\"https:\\\/\\\/www.saarhafen.de\\\/fr\\\/entreprise\\\/a-propos\\\/\"]}]},{\"@type\":\"BreadcrumbList\",\"@id\":\"https:\\\/\\\/www.saarhafen.de\\\/fr\\\/entreprise\\\/a-propos\\\/#breadcrumb\",\"itemListElement\":[{\"@type\":\"ListItem\",\"position\":1,\"name\":\"Home\",\"item\":\"https:\\\/\\\/www.saarhafen.de\\\/fr\\\/\"},{\"@type\":\"ListItem\",\"position\":2,\"name\":\"Entreprise\",\"item\":\"https:\\\/\\\/www.saarhafen.de\\\/fr\\\/entreprise\\\/\"},{\"@type\":\"ListItem\",\"position\":3,\"name\":\"A propos\"}]},{\"@type\":\"WebSite\",\"@id\":\"http:\\\/\\\/www.saarhafen.de\\\/#website\",\"url\":\"http:\\\/\\\/www.saarhafen.de\\\/\",\"name\":\"Hafenbetriebe Saar\",\"description\":\"Eine weitere SHS | Strukturholding Saar Seiten Seite\",\"potentialAction\":[{\"@type\":\"SearchAction\",\"target\":{\"@type\":\"EntryPoint\",\"urlTemplate\":\"http:\\\/\\\/www.saarhafen.de\\\/?s={search_term_string}\"},\"query-input\":{\"@type\":\"PropertyValueSpecification\",\"valueRequired\":true,\"valueName\":\"search_term_string\"}}],\"inLanguage\":\"fr-FR\"}]}<\/script>\n<!-- \/ Yoast SEO plugin. -->","yoast_head_json":{"title":"A propos - Hafenbetriebe Saar","robots":{"index":"index","follow":"follow","max-snippet":"max-snippet:-1","max-image-preview":"max-image-preview:large","max-video-preview":"max-video-preview:-1"},"canonical":"https:\/\/www.saarhafen.de\/fr\/entreprise\/a-propos\/","og_locale":"fr_FR","og_type":"article","og_title":"A propos - Hafenbetriebe Saar","og_description":"A propos Les op\u00e9rations portuaires de la Sarre mettent \u00e0 disposition l&rsquo;ensemble des infrastructures n\u00e9cessaires","og_url":"https:\/\/www.saarhafen.de\/fr\/entreprise\/a-propos\/","og_site_name":"Hafenbetriebe Saar","article_modified_time":"2018-07-11T12:19:15+00:00","twitter_card":"summary_large_image","twitter_misc":{"Dur\u00e9e de lecture estim\u00e9e":"1 minute"},"schema":{"@context":"https:\/\/schema.org","@graph":[{"@type":"WebPage","@id":"https:\/\/www.saarhafen.de\/fr\/entreprise\/a-propos\/","url":"https:\/\/www.saarhafen.de\/fr\/entreprise\/a-propos\/","name":"A propos - Hafenbetriebe Saar","isPartOf":{"@id":"http:\/\/www.saarhafen.de\/#website"},"datePublished":"2015-11-19T16:14:36+00:00","dateModified":"2018-07-11T12:19:15+00:00","breadcrumb":{"@id":"https:\/\/www.saarhafen.de\/fr\/entreprise\/a-propos\/#breadcrumb"},"inLanguage":"fr-FR","potentialAction":[{"@type":"ReadAction","target":["https:\/\/www.saarhafen.de\/fr\/entreprise\/a-propos\/"]}]},{"@type":"BreadcrumbList","@id":"https:\/\/www.saarhafen.de\/fr\/entreprise\/a-propos\/#breadcrumb","itemListElement":[{"@type":"ListItem","position":1,"name":"Home","item":"https:\/\/www.saarhafen.de\/fr\/"},{"@type":"ListItem","position":2,"name":"Entreprise","item":"https:\/\/www.saarhafen.de\/fr\/entreprise\/"},{"@type":"ListItem","position":3,"name":"A propos"}]},{"@type":"WebSite","@id":"http:\/\/www.saarhafen.de\/#website","url":"http:\/\/www.saarhafen.de\/","name":"Hafenbetriebe Saar","description":"Eine weitere SHS | Strukturholding Saar Seiten Seite","potentialAction":[{"@type":"SearchAction","target":{"@type":"EntryPoint","urlTemplate":"http:\/\/www.saarhafen.de\/?s={search_term_string}"},"query-input":{"@type":"PropertyValueSpecification","valueRequired":true,"valueName":"search_term_string"}}],"inLanguage":"fr-FR"}]}},"_links":{"self":[{"href":"http:\/\/www.saarhafen.de\/fr\/wp-json\/wp\/v2\/pages\/695","targetHints":{"allow":["GET"]}}],"collection":[{"href":"http:\/\/www.saarhafen.de\/fr\/wp-json\/wp\/v2\/pages"}],"about":[{"href":"http:\/\/www.saarhafen.de\/fr\/wp-json\/wp\/v2\/types\/page"}],"author":[{"embeddable":true,"href":"http:\/\/www.saarhafen.de\/fr\/wp-json\/wp\/v2\/users\/2"}],"replies":[{"embeddable":true,"href":"http:\/\/www.saarhafen.de\/fr\/wp-json\/wp\/v2\/comments?post=695"}],"version-history":[{"count":3,"href":"http:\/\/www.saarhafen.de\/fr\/wp-json\/wp\/v2\/pages\/695\/revisions"}],"predecessor-version":[{"id":1178,"href":"http:\/\/www.saarhafen.de\/fr\/wp-json\/wp\/v2\/pages\/695\/revisions\/1178"}],"up":[{"embeddable":true,"href":"http:\/\/www.saarhafen.de\/fr\/wp-json\/wp\/v2\/pages\/698"}],"wp:attachment":[{"href":"http:\/\/www.saarhafen.de\/fr\/wp-json\/wp\/v2\/media?parent=695"}],"curies":[{"name":"wp","href":"https:\/\/api.w.org\/{rel}","templated":true}]}}