{"id":720,"date":"2015-11-19T17:15:13","date_gmt":"2015-11-19T16:15:13","guid":{"rendered":"http:\/\/www.saarhafen.de\/fr\/entreprise\/umwelt\/"},"modified":"2016-09-16T17:09:02","modified_gmt":"2016-09-16T15:09:02","slug":"environnement-et-ecologie","status":"publish","type":"page","link":"http:\/\/www.saarhafen.de\/fr\/entreprise\/environnement-et-ecologie\/","title":{"rendered":"Environnement et \u00e9cologie"},"content":{"rendered":"<h1>Environnement et \u00e9cologie<\/h1>\n<p>Le transport de marchandises commerciales par voie fluviale s&rsquo;av\u00e8re toujours \u00eatre une voie royale. Aucun autre mode de transport n&rsquo;est \u00e0 la fois aussi avantageux, performant et respectueux de l&rsquo;environnement lorsqu&rsquo;il s&rsquo;agit de diriger les flux de marchandises tant \u00e9conomiquement qu&rsquo;\u00e9cologiquement.<\/p>\n<h2>Une \u00e9nergie de premi\u00e8re classe<\/h2>\n<p>Le prix de revient d&rsquo;une tonne-kilom\u00e8tre par bateau ne correspond qu&rsquo;\u00e0 un tiers des co\u00fbts engendr\u00e9s pour un transport par voie ferr\u00e9e. Un bateau fluvial performant permet aujourd&rsquo;hui de transporter un chargement de 4 000 kg par cheval moteur contre 500 kg pour un train et 150 kg pour un poids-lourd. En termes de consommation de mati\u00e8re premi\u00e8re et d&rsquo;\u00e9missions de gaz d&rsquo;\u00e9chappement, le bateau reste de loin en premi\u00e8re position gr\u00e2ce \u00e0 des valeurs basses.<\/p>\n<h2>Excellent pour l&rsquo;environnement<\/h2>\n<p>Les entreprises du port sont membres du Pacte pour l&rsquo;Environnement de la Sarre et agr\u00e9\u00e9s selon la norme DIN EN ISO 14001. Les installations de s\u00e9curit\u00e9 et d&rsquo;\u00e9limination propres sont contr\u00f4l\u00e9es et entretenues bien au-del\u00e0 des exigences des autorit\u00e9s.<\/p>\n","protected":false},"excerpt":{"rendered":"<p>Environnement et \u00e9cologie Le transport de marchandises commerciales par voie fluviale s&rsquo;av\u00e8re toujours \u00eatre une<\/p>\n","protected":false},"author":2,"featured_media":0,"parent":698,"menu_order":0,"comment_status":"closed","ping_status":"closed","template":"","meta":{"_acf_changed":false,"footnotes":""},"class_list":["post-720","page","type-page","status-publish","hentry"],"acf":[],"yoast_head":"<!-- This site is optimized with the Yoast SEO plugin v27.5 - https:\/\/yoast.com\/product\/yoast-seo-wordpress\/ -->\n<title>Environnement et \u00e9cologie - Hafenbetriebe Saar<\/title>\n<meta name=\"robots\" content=\"index, follow, max-snippet:-1, max-image-preview:large, max-video-preview:-1\" \/>\n<link rel=\"canonical\" href=\"https:\/\/www.saarhafen.de\/fr\/entreprise\/environnement-et-ecologie\/\" \/>\n<meta property=\"og:locale\" content=\"fr_FR\" \/>\n<meta property=\"og:type\" content=\"article\" \/>\n<meta property=\"og:title\" content=\"Environnement et \u00e9cologie - Hafenbetriebe Saar\" \/>\n<meta property=\"og:description\" content=\"Environnement et \u00e9cologie Le transport de marchandises commerciales par voie fluviale s&rsquo;av\u00e8re toujours \u00eatre une\" \/>\n<meta property=\"og:url\" content=\"https:\/\/www.saarhafen.de\/fr\/entreprise\/environnement-et-ecologie\/\" \/>\n<meta property=\"og:site_name\" content=\"Hafenbetriebe Saar\" \/>\n<meta property=\"article:modified_time\" content=\"2016-09-16T15:09:02+00:00\" \/>\n<meta name=\"twitter:card\" content=\"summary_large_image\" \/>\n<meta name=\"twitter:label1\" content=\"Dur\u00e9e de lecture estim\u00e9e\" \/>\n\t<meta name=\"twitter:data1\" content=\"1 minute\" \/>\n<script type=\"application\/ld+json\" class=\"yoast-schema-graph\">{\"@context\":\"https:\\\/\\\/schema.org\",\"@graph\":[{\"@type\":\"WebPage\",\"@id\":\"https:\\\/\\\/www.saarhafen.de\\\/fr\\\/entreprise\\\/environnement-et-ecologie\\\/\",\"url\":\"https:\\\/\\\/www.saarhafen.de\\\/fr\\\/entreprise\\\/environnement-et-ecologie\\\/\",\"name\":\"Environnement et \u00e9cologie - Hafenbetriebe Saar\",\"isPartOf\":{\"@id\":\"http:\\\/\\\/www.saarhafen.de\\\/en\\\/#website\"},\"datePublished\":\"2015-11-19T16:15:13+00:00\",\"dateModified\":\"2016-09-16T15:09:02+00:00\",\"breadcrumb\":{\"@id\":\"https:\\\/\\\/www.saarhafen.de\\\/fr\\\/entreprise\\\/environnement-et-ecologie\\\/#breadcrumb\"},\"inLanguage\":\"fr-FR\",\"potentialAction\":[{\"@type\":\"ReadAction\",\"target\":[\"https:\\\/\\\/www.saarhafen.de\\\/fr\\\/entreprise\\\/environnement-et-ecologie\\\/\"]}]},{\"@type\":\"BreadcrumbList\",\"@id\":\"https:\\\/\\\/www.saarhafen.de\\\/fr\\\/entreprise\\\/environnement-et-ecologie\\\/#breadcrumb\",\"itemListElement\":[{\"@type\":\"ListItem\",\"position\":1,\"name\":\"Home\",\"item\":\"https:\\\/\\\/www.saarhafen.de\\\/fr\\\/\"},{\"@type\":\"ListItem\",\"position\":2,\"name\":\"Entreprise\",\"item\":\"https:\\\/\\\/www.saarhafen.de\\\/fr\\\/entreprise\\\/\"},{\"@type\":\"ListItem\",\"position\":3,\"name\":\"Environnement et \u00e9cologie\"}]},{\"@type\":\"WebSite\",\"@id\":\"http:\\\/\\\/www.saarhafen.de\\\/en\\\/#website\",\"url\":\"http:\\\/\\\/www.saarhafen.de\\\/en\\\/\",\"name\":\"Hafenbetriebe Saar\",\"description\":\"Eine weitere SHS | Strukturholding Saar Seiten Seite\",\"potentialAction\":[{\"@type\":\"SearchAction\",\"target\":{\"@type\":\"EntryPoint\",\"urlTemplate\":\"http:\\\/\\\/www.saarhafen.de\\\/en\\\/?s={search_term_string}\"},\"query-input\":{\"@type\":\"PropertyValueSpecification\",\"valueRequired\":true,\"valueName\":\"search_term_string\"}}],\"inLanguage\":\"fr-FR\"}]}<\/script>\n<!-- \/ Yoast SEO plugin. -->","yoast_head_json":{"title":"Environnement et \u00e9cologie - Hafenbetriebe Saar","robots":{"index":"index","follow":"follow","max-snippet":"max-snippet:-1","max-image-preview":"max-image-preview:large","max-video-preview":"max-video-preview:-1"},"canonical":"https:\/\/www.saarhafen.de\/fr\/entreprise\/environnement-et-ecologie\/","og_locale":"fr_FR","og_type":"article","og_title":"Environnement et \u00e9cologie - Hafenbetriebe Saar","og_description":"Environnement et \u00e9cologie Le transport de marchandises commerciales par voie fluviale s&rsquo;av\u00e8re toujours \u00eatre une","og_url":"https:\/\/www.saarhafen.de\/fr\/entreprise\/environnement-et-ecologie\/","og_site_name":"Hafenbetriebe Saar","article_modified_time":"2016-09-16T15:09:02+00:00","twitter_card":"summary_large_image","twitter_misc":{"Dur\u00e9e de lecture estim\u00e9e":"1 minute"},"schema":{"@context":"https:\/\/schema.org","@graph":[{"@type":"WebPage","@id":"https:\/\/www.saarhafen.de\/fr\/entreprise\/environnement-et-ecologie\/","url":"https:\/\/www.saarhafen.de\/fr\/entreprise\/environnement-et-ecologie\/","name":"Environnement et \u00e9cologie - Hafenbetriebe Saar","isPartOf":{"@id":"http:\/\/www.saarhafen.de\/en\/#website"},"datePublished":"2015-11-19T16:15:13+00:00","dateModified":"2016-09-16T15:09:02+00:00","breadcrumb":{"@id":"https:\/\/www.saarhafen.de\/fr\/entreprise\/environnement-et-ecologie\/#breadcrumb"},"inLanguage":"fr-FR","potentialAction":[{"@type":"ReadAction","target":["https:\/\/www.saarhafen.de\/fr\/entreprise\/environnement-et-ecologie\/"]}]},{"@type":"BreadcrumbList","@id":"https:\/\/www.saarhafen.de\/fr\/entreprise\/environnement-et-ecologie\/#breadcrumb","itemListElement":[{"@type":"ListItem","position":1,"name":"Home","item":"https:\/\/www.saarhafen.de\/fr\/"},{"@type":"ListItem","position":2,"name":"Entreprise","item":"https:\/\/www.saarhafen.de\/fr\/entreprise\/"},{"@type":"ListItem","position":3,"name":"Environnement et \u00e9cologie"}]},{"@type":"WebSite","@id":"http:\/\/www.saarhafen.de\/en\/#website","url":"http:\/\/www.saarhafen.de\/en\/","name":"Hafenbetriebe Saar","description":"Eine weitere SHS | Strukturholding Saar Seiten Seite","potentialAction":[{"@type":"SearchAction","target":{"@type":"EntryPoint","urlTemplate":"http:\/\/www.saarhafen.de\/en\/?s={search_term_string}"},"query-input":{"@type":"PropertyValueSpecification","valueRequired":true,"valueName":"search_term_string"}}],"inLanguage":"fr-FR"}]}},"_links":{"self":[{"href":"http:\/\/www.saarhafen.de\/fr\/wp-json\/wp\/v2\/pages\/720","targetHints":{"allow":["GET"]}}],"collection":[{"href":"http:\/\/www.saarhafen.de\/fr\/wp-json\/wp\/v2\/pages"}],"about":[{"href":"http:\/\/www.saarhafen.de\/fr\/wp-json\/wp\/v2\/types\/page"}],"author":[{"embeddable":true,"href":"http:\/\/www.saarhafen.de\/fr\/wp-json\/wp\/v2\/users\/2"}],"replies":[{"embeddable":true,"href":"http:\/\/www.saarhafen.de\/fr\/wp-json\/wp\/v2\/comments?post=720"}],"version-history":[{"count":3,"href":"http:\/\/www.saarhafen.de\/fr\/wp-json\/wp\/v2\/pages\/720\/revisions"}],"predecessor-version":[{"id":798,"href":"http:\/\/www.saarhafen.de\/fr\/wp-json\/wp\/v2\/pages\/720\/revisions\/798"}],"up":[{"embeddable":true,"href":"http:\/\/www.saarhafen.de\/fr\/wp-json\/wp\/v2\/pages\/698"}],"wp:attachment":[{"href":"http:\/\/www.saarhafen.de\/fr\/wp-json\/wp\/v2\/media?parent=720"}],"curies":[{"name":"wp","href":"https:\/\/api.w.org\/{rel}","templated":true}]}}