{"id":851,"date":"2016-10-13T09:07:02","date_gmt":"2016-10-13T07:07:02","guid":{"rendered":"http:\/\/www.saarhafen.de\/fr\/contact\/anfrage-versendet\/"},"modified":"2016-10-13T09:08:58","modified_gmt":"2016-10-13T07:08:58","slug":"votre-demande-a-bien-ete-envoyee","status":"publish","type":"page","link":"http:\/\/www.saarhafen.de\/fr\/contact\/votre-demande-a-bien-ete-envoyee\/","title":{"rendered":"Votre demande \u00e0 bien \u00e9t\u00e9 envoy\u00e9e"},"content":{"rendered":"<h1>Merci beaucoup<\/h1>\n<p>Votre demande \u00e0 bien \u00e9t\u00e9 envoy\u00e9e.<\/p>\n","protected":false},"excerpt":{"rendered":"<p>Merci beaucoup Votre demande \u00e0 bien \u00e9t\u00e9 envoy\u00e9e.<\/p>\n","protected":false},"author":2,"featured_media":0,"parent":723,"menu_order":0,"comment_status":"closed","ping_status":"closed","template":"","meta":{"_acf_changed":false,"footnotes":""},"class_list":["post-851","page","type-page","status-publish","hentry"],"acf":[],"yoast_head":"<!-- This site is optimized with the Yoast SEO plugin v27.4 - https:\/\/yoast.com\/product\/yoast-seo-wordpress\/ -->\n<title>Votre demande \u00e0 bien \u00e9t\u00e9 envoy\u00e9e - Hafenbetriebe Saar<\/title>\n<meta name=\"robots\" content=\"index, follow, max-snippet:-1, max-image-preview:large, max-video-preview:-1\" \/>\n<link rel=\"canonical\" href=\"http:\/\/www.saarhafen.de\/fr\/contact\/votre-demande-a-bien-ete-envoyee\/\" \/>\n<meta property=\"og:locale\" content=\"fr_FR\" \/>\n<meta property=\"og:type\" content=\"article\" \/>\n<meta property=\"og:title\" content=\"Votre demande \u00e0 bien \u00e9t\u00e9 envoy\u00e9e - Hafenbetriebe Saar\" \/>\n<meta property=\"og:description\" content=\"Merci beaucoup Votre demande \u00e0 bien \u00e9t\u00e9 envoy\u00e9e.\" \/>\n<meta property=\"og:url\" content=\"http:\/\/www.saarhafen.de\/fr\/contact\/votre-demande-a-bien-ete-envoyee\/\" \/>\n<meta property=\"og:site_name\" content=\"Hafenbetriebe Saar\" \/>\n<meta property=\"article:modified_time\" content=\"2016-10-13T07:08:58+00:00\" \/>\n<meta name=\"twitter:card\" content=\"summary_large_image\" \/>\n<script type=\"application\/ld+json\" class=\"yoast-schema-graph\">{\"@context\":\"https:\\\/\\\/schema.org\",\"@graph\":[{\"@type\":\"WebPage\",\"@id\":\"http:\\\/\\\/www.saarhafen.de\\\/fr\\\/contact\\\/votre-demande-a-bien-ete-envoyee\\\/\",\"url\":\"http:\\\/\\\/www.saarhafen.de\\\/fr\\\/contact\\\/votre-demande-a-bien-ete-envoyee\\\/\",\"name\":\"Votre demande \u00e0 bien \u00e9t\u00e9 envoy\u00e9e - Hafenbetriebe Saar\",\"isPartOf\":{\"@id\":\"https:\\\/\\\/www.saarhafen.de\\\/#website\"},\"datePublished\":\"2016-10-13T07:07:02+00:00\",\"dateModified\":\"2016-10-13T07:08:58+00:00\",\"breadcrumb\":{\"@id\":\"http:\\\/\\\/www.saarhafen.de\\\/fr\\\/contact\\\/votre-demande-a-bien-ete-envoyee\\\/#breadcrumb\"},\"inLanguage\":\"fr-FR\",\"potentialAction\":[{\"@type\":\"ReadAction\",\"target\":[\"http:\\\/\\\/www.saarhafen.de\\\/fr\\\/contact\\\/votre-demande-a-bien-ete-envoyee\\\/\"]}]},{\"@type\":\"BreadcrumbList\",\"@id\":\"http:\\\/\\\/www.saarhafen.de\\\/fr\\\/contact\\\/votre-demande-a-bien-ete-envoyee\\\/#breadcrumb\",\"itemListElement\":[{\"@type\":\"ListItem\",\"position\":1,\"name\":\"Home\",\"item\":\"https:\\\/\\\/www.saarhafen.de\\\/fr\\\/\"},{\"@type\":\"ListItem\",\"position\":2,\"name\":\"Contact\",\"item\":\"http:\\\/\\\/www.saarhafen.de\\\/fr\\\/contact\\\/\"},{\"@type\":\"ListItem\",\"position\":3,\"name\":\"Votre demande \u00e0 bien \u00e9t\u00e9 envoy\u00e9e\"}]},{\"@type\":\"WebSite\",\"@id\":\"https:\\\/\\\/www.saarhafen.de\\\/#website\",\"url\":\"https:\\\/\\\/www.saarhafen.de\\\/\",\"name\":\"Hafenbetriebe Saar\",\"description\":\"Eine weitere SHS | Strukturholding Saar Seiten Seite\",\"potentialAction\":[{\"@type\":\"SearchAction\",\"target\":{\"@type\":\"EntryPoint\",\"urlTemplate\":\"https:\\\/\\\/www.saarhafen.de\\\/?s={search_term_string}\"},\"query-input\":{\"@type\":\"PropertyValueSpecification\",\"valueRequired\":true,\"valueName\":\"search_term_string\"}}],\"inLanguage\":\"fr-FR\"}]}<\/script>\n<!-- \/ Yoast SEO plugin. -->","yoast_head_json":{"title":"Votre demande \u00e0 bien \u00e9t\u00e9 envoy\u00e9e - Hafenbetriebe Saar","robots":{"index":"index","follow":"follow","max-snippet":"max-snippet:-1","max-image-preview":"max-image-preview:large","max-video-preview":"max-video-preview:-1"},"canonical":"http:\/\/www.saarhafen.de\/fr\/contact\/votre-demande-a-bien-ete-envoyee\/","og_locale":"fr_FR","og_type":"article","og_title":"Votre demande \u00e0 bien \u00e9t\u00e9 envoy\u00e9e - Hafenbetriebe Saar","og_description":"Merci beaucoup Votre demande \u00e0 bien \u00e9t\u00e9 envoy\u00e9e.","og_url":"http:\/\/www.saarhafen.de\/fr\/contact\/votre-demande-a-bien-ete-envoyee\/","og_site_name":"Hafenbetriebe Saar","article_modified_time":"2016-10-13T07:08:58+00:00","twitter_card":"summary_large_image","schema":{"@context":"https:\/\/schema.org","@graph":[{"@type":"WebPage","@id":"http:\/\/www.saarhafen.de\/fr\/contact\/votre-demande-a-bien-ete-envoyee\/","url":"http:\/\/www.saarhafen.de\/fr\/contact\/votre-demande-a-bien-ete-envoyee\/","name":"Votre demande \u00e0 bien \u00e9t\u00e9 envoy\u00e9e - Hafenbetriebe Saar","isPartOf":{"@id":"https:\/\/www.saarhafen.de\/#website"},"datePublished":"2016-10-13T07:07:02+00:00","dateModified":"2016-10-13T07:08:58+00:00","breadcrumb":{"@id":"http:\/\/www.saarhafen.de\/fr\/contact\/votre-demande-a-bien-ete-envoyee\/#breadcrumb"},"inLanguage":"fr-FR","potentialAction":[{"@type":"ReadAction","target":["http:\/\/www.saarhafen.de\/fr\/contact\/votre-demande-a-bien-ete-envoyee\/"]}]},{"@type":"BreadcrumbList","@id":"http:\/\/www.saarhafen.de\/fr\/contact\/votre-demande-a-bien-ete-envoyee\/#breadcrumb","itemListElement":[{"@type":"ListItem","position":1,"name":"Home","item":"https:\/\/www.saarhafen.de\/fr\/"},{"@type":"ListItem","position":2,"name":"Contact","item":"http:\/\/www.saarhafen.de\/fr\/contact\/"},{"@type":"ListItem","position":3,"name":"Votre demande \u00e0 bien \u00e9t\u00e9 envoy\u00e9e"}]},{"@type":"WebSite","@id":"https:\/\/www.saarhafen.de\/#website","url":"https:\/\/www.saarhafen.de\/","name":"Hafenbetriebe Saar","description":"Eine weitere SHS | Strukturholding Saar Seiten Seite","potentialAction":[{"@type":"SearchAction","target":{"@type":"EntryPoint","urlTemplate":"https:\/\/www.saarhafen.de\/?s={search_term_string}"},"query-input":{"@type":"PropertyValueSpecification","valueRequired":true,"valueName":"search_term_string"}}],"inLanguage":"fr-FR"}]}},"_links":{"self":[{"href":"http:\/\/www.saarhafen.de\/fr\/wp-json\/wp\/v2\/pages\/851","targetHints":{"allow":["GET"]}}],"collection":[{"href":"http:\/\/www.saarhafen.de\/fr\/wp-json\/wp\/v2\/pages"}],"about":[{"href":"http:\/\/www.saarhafen.de\/fr\/wp-json\/wp\/v2\/types\/page"}],"author":[{"embeddable":true,"href":"http:\/\/www.saarhafen.de\/fr\/wp-json\/wp\/v2\/users\/2"}],"replies":[{"embeddable":true,"href":"http:\/\/www.saarhafen.de\/fr\/wp-json\/wp\/v2\/comments?post=851"}],"version-history":[{"count":1,"href":"http:\/\/www.saarhafen.de\/fr\/wp-json\/wp\/v2\/pages\/851\/revisions"}],"predecessor-version":[{"id":854,"href":"http:\/\/www.saarhafen.de\/fr\/wp-json\/wp\/v2\/pages\/851\/revisions\/854"}],"up":[{"embeddable":true,"href":"http:\/\/www.saarhafen.de\/fr\/wp-json\/wp\/v2\/pages\/723"}],"wp:attachment":[{"href":"http:\/\/www.saarhafen.de\/fr\/wp-json\/wp\/v2\/media?parent=851"}],"curies":[{"name":"wp","href":"https:\/\/api.w.org\/{rel}","templated":true}]}}